{"id":102425,"date":"2024-08-21T23:11:38","date_gmt":"2024-08-21T21:11:38","guid":{"rendered":"https:\/\/alohavibes.es\/reserva\/"},"modified":"2024-09-08T01:27:07","modified_gmt":"2024-09-07T23:27:07","slug":"reserva","status":"publish","type":"page","link":"https:\/\/alohavibes.es\/es\/reserva\/","title":{"rendered":"Reserva"},"content":{"rendered":"<p>[et_pb_section fb_built=\u00bb1&#8243; next_background_color=\u00bb#ffffff\u00bb admin_label=\u00bbHero Section\u00bb _builder_version=\u00bb4.16&#8243; background_enable_color=\u00bboff\u00bb background_image=\u00bbhttps:\/\/alohavibes.es\/wp-content\/uploads\/2024\/02\/Molti-Background.png\u00bb background_size=\u00bbinitial\u00bb background_position=\u00bbbottom_left\u00bb custom_padding=\u00bb0px||70px||false|false\u00bb bottom_divider_style=\u00bbasymmetric2&#8243; bottom_divider_height_tablet=\u00bb40px\u00bb bottom_divider_height_phone=\u00bb25px\u00bb bottom_divider_height_last_edited=\u00bbon|tablet\u00bb locked=\u00bboff\u00bb global_colors_info=\u00bb{}\u00bb][et_pb_row column_structure=\u00bb1_2,1_2&#8243; make_equal=\u00bbon\u00bb module_class=\u00bbinline-buttons-row\u00bb _builder_version=\u00bb4.16&#8243; width=\u00bb90%\u00bb max_width=\u00bb90%\u00bb custom_css_main_element=\u00bbdisplay:flex;||flex-wrap:wrap;\u00bb global_colors_info=\u00bb{}\u00bb][et_pb_column type=\u00bb1_2&#8243; _builder_version=\u00bb4.16&#8243; global_colors_info=\u00bb{}\u00bb custom_css_main_element_last_edited=\u00bbon|tablet\u00bb custom_css_main_element_tablet=\u00bborder:2;\u00bb custom_css_main_element_phone=\u00bborder:2;\u00bb][et_pb_text _builder_version=\u00bb4.27.0&#8243; header_font=\u00bb|800|||||||\u00bb header_font_size=\u00bb50px\u00bb header_line_height=\u00bb1.4em\u00bb header_5_font=\u00bb|700||on|||||\u00bb header_5_text_color=\u00bb#2558AB\u00bb header_5_font_size=\u00bb14px\u00bb width=\u00bb92%\u00bb custom_margin_tablet=\u00bb30px||||false|false\u00bb custom_margin_phone=\u00bb\u00bb custom_margin_last_edited=\u00bbon|tablet\u00bb header_font_size_tablet=\u00bb25px\u00bb header_font_size_phone=\u00bb\u00bb header_font_size_last_edited=\u00bbon|phone\u00bb global_colors_info=\u00bb{}\u00bb]<\/p>\n<h5 style=\"text-align: left;\"><\/h5>\n<div class=\"col-lg-6\">\n<div class=\"hero-title pr-lg-5\">\n<h1 class=\"text-muted mb-4 pb-2\">Viaje <span style=\"color: #f8b6ca;\">n\u00e1utico<\/span> <\/h1>\n<h1 class=\"text-muted mb-4 pb-2\">Alquiler de <span style=\"color: #f8b6ca;\">deportes acu\u00e1ticos<\/span> <\/h1>\n<p class=\"text-muted mb-4 pb-2\">Tanto si buscas deportes acu\u00e1ticos como si quieres descubrir la costa sureste de Mallorca en barco, tenemos la respuesta.  <br \/>Aloha Vibes, idealmente situado en Cala d&#8217;Or, te da la bienvenida todo el a\u00f1o.<\/p>\n<\/div>\n<\/div>\n<p>[\/et_pb_text][\/et_pb_column][et_pb_column type=\u00bb1_2&#8243; _builder_version=\u00bb4.16&#8243; global_colors_info=\u00bb{}\u00bb custom_css_main_element_tablet=\u00bborder:1;\u00bb custom_css_main_element_last_edited=\u00bbon|tablet\u00bb custom_css_main_element_phone=\u00bborder:1;\u00bb][et_pb_image src=\u00bbhttps:\/\/alohavibes.es\/wp-content\/uploads\/2024\/02\/Aloha-vibes-paddleboard-homepage-.png\u00bb alt=\u00bbP\u00e1gina de inicio de la tabla de p\u00e1del Aloha Vibes\u00bb title_text=\u00bbAloha-vibes-paddleboard-homepage-\u00bb _builder_version=\u00bb4.27.0&#8243; global_colors_info=\u00bb{}\u00bb][\/et_pb_image][\/et_pb_column][\/et_pb_row][\/et_pb_section][et_pb_section fb_built=\u00bb1&#8243; _builder_version=\u00bb4.27.0&#8243; _module_preset=\u00bbdefault\u00bb custom_margin=\u00bb||||false|false\u00bb custom_padding=\u00bb13px||||false|false\u00bb global_colors_info=\u00bb{}\u00bb][et_pb_row module_id=\u00bbservices\u00bb _builder_version=\u00bb4.27.0&#8243; _module_preset=\u00bbdefault\u00bb custom_margin=\u00bb||||false|false\u00bb custom_padding=\u00bb||||false|false\u00bb global_colors_info=\u00bb{}\u00bb][et_pb_column type=\u00bb4_4&#8243; _builder_version=\u00bb4.16&#8243; _module_preset=\u00bbdefault\u00bb global_colors_info=\u00bb{}\u00bb][et_pb_text _builder_version=\u00bb4.27.0&#8243; _module_preset=\u00bbdefault\u00bb text_font_size=\u00bb15px\u00bb text_line_height=\u00bb1.8em\u00bb header_3_font=\u00bb|700|||||||\u00bb header_3_font_size=\u00bb40px\u00bb header_3_line_height=\u00bb1.4em\u00bb text_orientation=\u00bbcenter\u00bb width=\u00bb80%\u00bb width_tablet=\u00bb\u00bb width_phone=\u00bb100%\u00bb width_last_edited=\u00bbon|phone\u00bb module_alignment=\u00bbcenter\u00bb header_3_font_size_tablet=\u00bb\u00bb header_3_font_size_phone=\u00bb30px\u00bb header_3_font_size_last_edited=\u00bbon|phone\u00bb locked=\u00bboff\u00bb global_colors_info=\u00bb{}\u00bb]<\/p>\n<h3 style=\"text-align: center;\">Nuestras excursiones <span style=\"color: #f8b6ca;\">n\u00e1uticas <\/span><\/h3>\n<p>Te llevamos a descubrir las calas m\u00e1s bellas del sureste de Mallorca en barco y remo el\u00e9ctrico Emotion.<\/p>\n<p>Todas nuestras excursiones son con todo incluido, al mejor precio y accesibles para todos.<br \/>\n\u00a1Nos adaptamos a tus deseos! <\/p>\n<p>[\/et_pb_text][\/et_pb_column][\/et_pb_row][et_pb_row _builder_version=\u00bb4.27.0&#8243; _module_preset=\u00bbdefault\u00bb background_color=\u00bb#f8b6ca\u00bb border_radii=\u00bbon|10px|10px|10px|10px\u00bb global_colors_info=\u00bb{}\u00bb][et_pb_column type=\u00bb4_4&#8243; _builder_version=\u00bb4.27.0&#8243; _module_preset=\u00bbdefault\u00bb global_colors_info=\u00bb{}\u00bb][et_pb_text _builder_version=\u00bb4.27.0&#8243; _module_preset=\u00bbdefault\u00bb width=\u00bb80%\u00bb module_alignment=\u00bbcenter\u00bb custom_margin=\u00bb||-2px||false|false\u00bb global_colors_info=\u00bb{}\u00bb]<\/p>\n<h4 style=\"text-align: center;\"><strong>SELECCIONA LAS FECHAS DE TU VIAJE<\/strong><\/h4>\n<p>[\/et_pb_text][et_pb_text _builder_version=\u00bb4.27.0&#8243; _module_preset=\u00bbdefault\u00bb width=\u00bb90%\u00bb module_alignment=\u00bbcenter\u00bb custom_margin=\u00bb||||false|false\u00bb global_colors_info=\u00bb{}\u00bb]<\/p>\n<p><span><div class=\"booqable-datepicker\" ><\/div><\/span><\/p>\n<p>[\/et_pb_text][\/et_pb_column][\/et_pb_row][et_pb_row column_structure=\u00bb1_2,1_2&#8243; _builder_version=\u00bb4.27.0&#8243; _module_preset=\u00bbdefault\u00bb global_colors_info=\u00bb{}\u00bb][et_pb_column type=\u00bb1_2&#8243; _builder_version=\u00bb4.27.0&#8243; _module_preset=\u00bbdefault\u00bb global_colors_info=\u00bb{}\u00bb][et_pb_text _builder_version=\u00bb4.27.0&#8243; _module_preset=\u00bbdefault\u00bb hover_enabled=\u00bb0&#8243; global_colors_info=\u00bb{}\u00bb sticky_enabled=\u00bb0&#8243;]<\/p>\n<div class=\"booqable-product-list\" data-tags=\"lovers\"      ><\/div>\n<p>[\/et_pb_text][\/et_pb_column][et_pb_column type=\u00bb1_2&#8243; _builder_version=\u00bb4.27.0&#8243; _module_preset=\u00bbdefault\u00bb global_colors_info=\u00bb{}\u00bb][et_pb_text _builder_version=\u00bb4.27.0&#8243; _module_preset=\u00bbdefault\u00bb hover_enabled=\u00bb0&#8243; global_colors_info=\u00bb{}\u00bb sticky_enabled=\u00bb0&#8243;]<\/p>\n<div class=\"booqable-product-list\" data-tags=\"friends\"      ><\/div>\n<p>[\/et_pb_text][\/et_pb_column][\/et_pb_row][et_pb_row _builder_version=\u00bb4.16&#8243; _module_preset=\u00bbdefault\u00bb global_colors_info=\u00bb{}\u00bb][et_pb_column type=\u00bb4_4&#8243; _builder_version=\u00bb4.16&#8243; _module_preset=\u00bbdefault\u00bb global_colors_info=\u00bb{}\u00bb][et_pb_button button_url=\u00bb@ET-DC@eyJkeW5hbWljIjp0cnVlLCJjb250ZW50IjoicG9zdF9saW5rX3VybF9wYWdlIiwic2V0dGluZ3MiOnsicG9zdF9pZCI6IjEwMDM2OCJ9fQ==@\u00bb button_text=\u00bbM\u00e1s informaci\u00f3n sobre excursiones\u00bb button_alignment=\u00bbcenter\u00bb button_text_tablet=\u00bb\u00bb button_text_phone=\u00bbContactar ahora\u00bb button_text_last_edited=\u00bbon|phone\u00bb _builder_version=\u00bb4.27.0&#8243; _dynamic_attributes=\u00bbbutton_url\u00bb _module_preset=\u00bb1d9393ff-2d90-4c18-bac4-cc53f3441be0&#8243; button_letter_spacing=\u00bb1px\u00bb custom_padding=\u00bb15px|40px|15px|25px|true|false\u00bb global_colors_info=\u00bb{}\u00bb][\/et_pb_button][\/et_pb_column][\/et_pb_row][\/et_pb_section][et_pb_section fb_built=\u00bb1&#8243; _builder_version=\u00bb4.27.0&#8243; _module_preset=\u00bbdefault\u00bb custom_margin=\u00bb||||false|false\u00bb custom_padding=\u00bb||||false|false\u00bb global_colors_info=\u00bb{}\u00bb][et_pb_row module_id=\u00bbservices\u00bb _builder_version=\u00bb4.27.0&#8243; _module_preset=\u00bbdefault\u00bb custom_margin=\u00bb||||false|false\u00bb custom_padding=\u00bb||||false|false\u00bb global_colors_info=\u00bb{}\u00bb][et_pb_column type=\u00bb4_4&#8243; _builder_version=\u00bb4.16&#8243; _module_preset=\u00bbdefault\u00bb global_colors_info=\u00bb{}\u00bb][et_pb_text _builder_version=\u00bb4.27.0&#8243; _module_preset=\u00bbdefault\u00bb text_font_size=\u00bb15px\u00bb text_line_height=\u00bb1.8em\u00bb header_3_font=\u00bb|700|||||||\u00bb header_3_font_size=\u00bb40px\u00bb header_3_line_height=\u00bb1.4em\u00bb text_orientation=\u00bbcenter\u00bb width=\u00bb80%\u00bb width_tablet=\u00bb\u00bb width_phone=\u00bb100%\u00bb width_last_edited=\u00bbon|phone\u00bb module_alignment=\u00bbcenter\u00bb header_3_font_size_tablet=\u00bb\u00bb header_3_font_size_phone=\u00bb30px\u00bb header_3_font_size_last_edited=\u00bbon|phone\u00bb locked=\u00bboff\u00bb global_colors_info=\u00bb{}\u00bb]<\/p>\n<h3 style=\"text-align: center;\">Nuestros <span style=\"color: #f8b6ca;\">juguetes acu\u00e1ticos <\/span>de alquiler<\/h3>\n<p>Tenemos todos los juguetes que necesitas para divertirte en las aguas turquesas de las Islas Baleares.<\/p>\n<p>[\/et_pb_text][\/et_pb_column][\/et_pb_row][et_pb_row _builder_version=\u00bb4.27.0&#8243; _module_preset=\u00bbdefault\u00bb background_color=\u00bb#f8b6ca\u00bb border_radii=\u00bbon|10px|10px|10px|10px\u00bb global_colors_info=\u00bb{}\u00bb][et_pb_column type=\u00bb4_4&#8243; _builder_version=\u00bb4.27.0&#8243; _module_preset=\u00bbdefault\u00bb global_colors_info=\u00bb{}\u00bb][et_pb_text _builder_version=\u00bb4.27.0&#8243; _module_preset=\u00bbdefault\u00bb width=\u00bb80%\u00bb module_alignment=\u00bbcenter\u00bb custom_margin=\u00bb||-2px||false|false\u00bb global_colors_info=\u00bb{}\u00bb]<\/p>\n<h4 style=\"text-align: center;\"><strong>SELECCIONA TUS FECHAS DE ALQUILER<\/strong><\/h4>\n<p>[\/et_pb_text][et_pb_text _builder_version=\u00bb4.27.0&#8243; _module_preset=\u00bbdefault\u00bb width=\u00bb90%\u00bb module_alignment=\u00bbcenter\u00bb custom_margin=\u00bb||||false|false\u00bb global_colors_info=\u00bb{}\u00bb]<\/p>\n<p><span><div class=\"booqable-datepicker\" ><\/div><\/span><\/p>\n<p>[\/et_pb_text][\/et_pb_column][\/et_pb_row][et_pb_row _builder_version=\u00bb4.27.0&#8243; _module_preset=\u00bbdefault\u00bb global_colors_info=\u00bb{}\u00bb][et_pb_column type=\u00bb4_4&#8243; _builder_version=\u00bb4.27.0&#8243; _module_preset=\u00bbdefault\u00bb global_colors_info=\u00bb{}\u00bb][et_pb_text _builder_version=\u00bb4.27.0&#8243; _module_preset=\u00bbdefault\u00bb text_font_size=\u00bb15px\u00bb text_line_height=\u00bb1.8em\u00bb header_3_font=\u00bb|700|||||||\u00bb header_3_font_size=\u00bb30px\u00bb header_3_line_height=\u00bb1.4em\u00bb custom_margin=\u00bb||0px|||\u00bb custom_margin_tablet=\u00bb\u00bb custom_margin_phone=\u00bb10px||||false|false\u00bb custom_margin_last_edited=\u00bbon|phone\u00bb custom_padding=\u00bb28px|||||\u00bb header_3_font_size_tablet=\u00bb\u00bb header_3_font_size_phone=\u00bb22px\u00bb header_3_font_size_last_edited=\u00bbon|phone\u00bb global_colors_info=\u00bb{}\u00bb]<\/p>\n<h3>Alquiler por horas: <span style=\"color: #f8b6ca;\">franja de 1h30 desde el centro n\u00e1utico<\/span><\/h3>\n<p>[\/et_pb_text][et_pb_text _builder_version=\u00bb4.27.0&#8243; _module_preset=\u00bbdefault\u00bb width=\u00bb70%\u00bb custom_margin=\u00bb||1px|||\u00bb global_colors_info=\u00bb{}\u00bb]<\/p>\n<p>Todo el equipo para deportes acu\u00e1ticos se puede alquilar por 1h30 en nuestro centro de deportes acu\u00e1ticos de Marina de Cala d&#8217;Or.<\/p>\n<p>[\/et_pb_text][et_pb_text _builder_version=\u00bb4.27.0&#8243; _module_preset=\u00bbdefault\u00bb width=\u00bb100%\u00bb custom_padding=\u00bb|||0px||\u00bb global_colors_info=\u00bb{}\u00bb]<\/p>\n<div class=\"booqable-product-list\" data-tags=\"hourly\"      ><\/div>\n<p>[\/et_pb_text][\/et_pb_column][\/et_pb_row][et_pb_row _builder_version=\u00bb4.27.0&#8243; _module_preset=\u00bbdefault\u00bb global_colors_info=\u00bb{}\u00bb][et_pb_column type=\u00bb4_4&#8243; _builder_version=\u00bb4.27.0&#8243; _module_preset=\u00bbdefault\u00bb global_colors_info=\u00bb{}\u00bb][et_pb_text _builder_version=\u00bb4.27.0&#8243; _module_preset=\u00bbdefault\u00bb text_font_size=\u00bb15px\u00bb text_line_height=\u00bb1.8em\u00bb header_3_font=\u00bb|700|||||||\u00bb header_3_font_size=\u00bb30px\u00bb header_3_line_height=\u00bb1.4em\u00bb custom_margin=\u00bb||0px|||\u00bb custom_margin_tablet=\u00bb\u00bb custom_margin_phone=\u00bb10px||||false|false\u00bb custom_margin_last_edited=\u00bbon|phone\u00bb custom_padding=\u00bb28px|||||\u00bb header_3_font_size_tablet=\u00bb\u00bb header_3_font_size_phone=\u00bb22px\u00bb header_3_font_size_last_edited=\u00bbon|phone\u00bb global_colors_info=\u00bb{}\u00bb]<\/p>\n<h3>Alquiler diario: <span style=\"color: #f8b6ca;\">por un d\u00eda con entrega (si lo necesitas)<\/span><\/h3>\n<p>[\/et_pb_text][et_pb_text _builder_version=\u00bb4.27.0&#8243; _module_preset=\u00bbdefault\u00bb width=\u00bb70%\u00bb custom_margin=\u00bb||1px|||\u00bb global_colors_info=\u00bb{}\u00bb]<\/p>\n<p>Todo el equipo para deportes acu\u00e1ticos puede alquilarse por d\u00edas en el centro de deportes acu\u00e1ticos de Cala d&#8217;Or Marina o entregarse en tu destino de vacaciones en un radio de 15 km de Cala d&#8217;Or (incluido en el precio).<\/p>\n<p>[\/et_pb_text][et_pb_text _builder_version=\u00bb4.27.0&#8243; _module_preset=\u00bbdefault\u00bb width=\u00bb100%\u00bb custom_padding=\u00bb|||0px||\u00bb global_colors_info=\u00bb{}\u00bb]<\/p>\n<div class=\"booqable-product-list\" data-tags=\"daily\"      ><\/div>\n<p>[\/et_pb_text][\/et_pb_column][\/et_pb_row][et_pb_row _builder_version=\u00bb4.16&#8243; _module_preset=\u00bbdefault\u00bb global_colors_info=\u00bb{}\u00bb][et_pb_column type=\u00bb4_4&#8243; _builder_version=\u00bb4.16&#8243; _module_preset=\u00bbdefault\u00bb global_colors_info=\u00bb{}\u00bb][et_pb_button button_url=\u00bb@ET-DC@eyJkeW5hbWljIjp0cnVlLCJjb250ZW50IjoicG9zdF9saW5rX3VybF9wYWdlIiwic2V0dGluZ3MiOnsicG9zdF9pZCI6Ijk3NjEwIn19@\u00bb button_text=\u00bbContacta con nosotros para m\u00e1s informaci\u00f3n\u00bb button_alignment=\u00bbcenter\u00bb button_text_tablet=\u00bb\u00bb button_text_phone=\u00bbContactar ahora\u00bb button_text_last_edited=\u00bbon|phone\u00bb _builder_version=\u00bb4.27.0&#8243; _dynamic_attributes=\u00bbbutton_url\u00bb _module_preset=\u00bb1d9393ff-2d90-4c18-bac4-cc53f3441be0&#8243; button_letter_spacing=\u00bb1px\u00bb custom_padding=\u00bb15px|40px|15px|25px|true|false\u00bb global_colors_info=\u00bb{}\u00bb][\/et_pb_button][\/et_pb_column][\/et_pb_row][\/et_pb_section]<\/p>\n","protected":false},"excerpt":{"rendered":"<p>Viaje n\u00e1utico Alquiler de deportes acu\u00e1ticos Tanto si buscas deportes acu\u00e1ticos como si quieres descubrir la costa sureste de Mallorca en barco, tenemos la respuesta. Aloha Vibes, idealmente situado en Cala d&#8217;Or, te da la bienvenida todo el a\u00f1o. Nuestras excursiones n\u00e1uticas Te llevamos a descubrir las calas m\u00e1s bellas del sureste de Mallorca en [&hellip;]<\/p>\n","protected":false},"author":1,"featured_media":0,"parent":0,"menu_order":0,"comment_status":"closed","ping_status":"closed","template":"","meta":{"_et_pb_use_builder":"on","_et_pb_old_content":"","_et_gb_content_width":"","footnotes":""},"class_list":["post-102425","page","type-page","status-publish","hentry"],"_links":{"self":[{"href":"https:\/\/alohavibes.es\/es\/wp-json\/wp\/v2\/pages\/102425","targetHints":{"allow":["GET"]}}],"collection":[{"href":"https:\/\/alohavibes.es\/es\/wp-json\/wp\/v2\/pages"}],"about":[{"href":"https:\/\/alohavibes.es\/es\/wp-json\/wp\/v2\/types\/page"}],"author":[{"embeddable":true,"href":"https:\/\/alohavibes.es\/es\/wp-json\/wp\/v2\/users\/1"}],"replies":[{"embeddable":true,"href":"https:\/\/alohavibes.es\/es\/wp-json\/wp\/v2\/comments?post=102425"}],"version-history":[{"count":0,"href":"https:\/\/alohavibes.es\/es\/wp-json\/wp\/v2\/pages\/102425\/revisions"}],"wp:attachment":[{"href":"https:\/\/alohavibes.es\/es\/wp-json\/wp\/v2\/media?parent=102425"}],"curies":[{"name":"wp","href":"https:\/\/api.w.org\/{rel}","templated":true}]}}